{"id":353,"date":"2023-11-23T16:22:53","date_gmt":"2023-11-23T16:22:53","guid":{"rendered":"https:\/\/gennyabbigliamento.it\/?page_id=353"},"modified":"2023-11-24T11:10:42","modified_gmt":"2023-11-24T11:10:42","slug":"chi-siamo","status":"publish","type":"page","link":"https:\/\/gennyabbigliamento.it\/index.php\/chi-siamo\/","title":{"rendered":"Chi Siamo"},"content":{"rendered":"\t\t<div data-elementor-type=\"wp-page\" data-elementor-id=\"353\" class=\"elementor elementor-353\" data-elementor-post-type=\"page\">\n\t\t\t\t\t\t\t<div class=\"elementor-element elementor-element-ada04c2 e-con-full e-flex e-con e-parent\" data-id=\"ada04c2\" data-element_type=\"container\" data-settings=\"{&quot;content_width&quot;:&quot;full&quot;}\" data-core-v316-plus=\"true\">\n\t\t<div class=\"elementor-element elementor-element-fe6c984 e-con-full e-flex elementor-invisible e-con e-child\" data-id=\"fe6c984\" data-element_type=\"container\" data-settings=\"{&quot;content_width&quot;:&quot;full&quot;,&quot;animation&quot;:&quot;fadeInLeft&quot;}\">\n\t\t\t\t<div class=\"elementor-element elementor-element-503d932 elementor-widget elementor-widget-heading\" data-id=\"503d932\" data-element_type=\"widget\" data-widget_type=\"heading.default\">\n\t\t\t\t<div class=\"elementor-widget-container\">\n\t\t\t<style>\/*! elementor - v3.16.0 - 17-10-2023 *\/\n.elementor-heading-title{padding:0;margin:0;line-height:1}.elementor-widget-heading .elementor-heading-title[class*=elementor-size-]>a{color:inherit;font-size:inherit;line-height:inherit}.elementor-widget-heading .elementor-heading-title.elementor-size-small{font-size:15px}.elementor-widget-heading .elementor-heading-title.elementor-size-medium{font-size:19px}.elementor-widget-heading .elementor-heading-title.elementor-size-large{font-size:29px}.elementor-widget-heading .elementor-heading-title.elementor-size-xl{font-size:39px}.elementor-widget-heading .elementor-heading-title.elementor-size-xxl{font-size:59px}<\/style><h2 class=\"elementor-heading-title elementor-size-default\">CHI SIAMO<\/h2>\t\t<\/div>\n\t\t\t\t<\/div>\n\t\t\t\t<div class=\"elementor-element elementor-element-b586763 elementor-widget elementor-widget-text-editor\" data-id=\"b586763\" data-element_type=\"widget\" data-widget_type=\"text-editor.default\">\n\t\t\t\t<div class=\"elementor-widget-container\">\n\t\t\t<style>\/*! elementor - v3.16.0 - 17-10-2023 *\/\n.elementor-widget-text-editor.elementor-drop-cap-view-stacked .elementor-drop-cap{background-color:#69727d;color:#fff}.elementor-widget-text-editor.elementor-drop-cap-view-framed .elementor-drop-cap{color:#69727d;border:3px solid;background-color:transparent}.elementor-widget-text-editor:not(.elementor-drop-cap-view-default) .elementor-drop-cap{margin-top:8px}.elementor-widget-text-editor:not(.elementor-drop-cap-view-default) .elementor-drop-cap-letter{width:1em;height:1em}.elementor-widget-text-editor .elementor-drop-cap{float:left;text-align:center;line-height:1;font-size:50px}.elementor-widget-text-editor .elementor-drop-cap-letter{display:inline-block}<\/style>\t\t\t\t<p>L&#8217;azienda <strong>GENNY ABBIGLIAMENTO 0\/16<\/strong> ha preso vita nel 2004, grazie all&#8217;iniziativa di Genny, all&#8217;interno del contesto operativo di Ricamificio Coup\u00e8 srl. Quest&#8217;ultimo \u00e8 da sempre specializzato nel ricamo su abbigliamento e calzature.<\/p><p>La nostra visione ha preso forma come un sogno e una grande passione, inizialmente dedicati ai bambini da 0 a 3 anni. Nel corso degli anni, abbiamo ampliato la nostra gamma per includere anche fasce d&#8217;et\u00e0 successive, arrivando fino ai 7 anni e successivamente fino ai 16 anni. Questo percorso di crescita graduale \u00e8 stato possibile grazie all&#8217;impegno costante e alla fiducia instaurata con le nostre numerose clienti nel tempo.<\/p><p>Il nostro impegno si riflette nella selezione accurata di capi provenienti dalle aziende leader nel mercato nazionale nel settore dell&#8217;abbigliamento per bambini e ragazzi. Oltre a seguire le ultime tendenze della moda, poniamo particolare attenzione alla qualit\u00e0 e alla praticit\u00e0 dei capi, sia durante l&#8217;uso quotidiano che nei lavaggi. La soddisfazione delle nostre clienti \u00e8 la nostra priorit\u00e0, e lavoriamo costantemente per offrire prodotti che rispondano alle loro aspettative in termini di stile e funzionalit\u00e0.<\/p>\t\t\t\t\t\t<\/div>\n\t\t\t\t<\/div>\n\t\t\t\t<div class=\"elementor-element elementor-element-cd7531c elementor-align-left elementor-widget elementor-widget-button\" data-id=\"cd7531c\" data-element_type=\"widget\" data-widget_type=\"button.default\">\n\t\t\t\t<div class=\"elementor-widget-container\">\n\t\t\t\t\t<div class=\"elementor-button-wrapper\">\n\t\t\t<a class=\"elementor-button elementor-button-link elementor-size-md elementor-animation-grow\" href=\"https:\/\/gennyabbigliamento.it\/index.php\/contatti\/\">\n\t\t\t\t\t\t<span class=\"elementor-button-content-wrapper\">\n\t\t\t\t\t\t<span class=\"elementor-button-text\">Contattaci<\/span>\n\t\t<\/span>\n\t\t\t\t\t<\/a>\n\t\t<\/div>\n\t\t\t\t<\/div>\n\t\t\t\t<\/div>\n\t\t\t\t<\/div>\n\t\t<div class=\"elementor-element elementor-element-7857ac5 e-con-full e-flex e-con e-child\" data-id=\"7857ac5\" data-element_type=\"container\" data-settings=\"{&quot;content_width&quot;:&quot;full&quot;}\">\n\t\t\t\t<div class=\"elementor-element elementor-element-7654fdc elementor-widget elementor-widget-gallery\" data-id=\"7654fdc\" data-element_type=\"widget\" data-settings=\"{&quot;gallery_layout&quot;:&quot;justified&quot;,&quot;lazyload&quot;:&quot;yes&quot;,&quot;ideal_row_height&quot;:{&quot;unit&quot;:&quot;px&quot;,&quot;size&quot;:200,&quot;sizes&quot;:[]},&quot;ideal_row_height_tablet&quot;:{&quot;unit&quot;:&quot;px&quot;,&quot;size&quot;:150,&quot;sizes&quot;:[]},&quot;ideal_row_height_mobile&quot;:{&quot;unit&quot;:&quot;px&quot;,&quot;size&quot;:150,&quot;sizes&quot;:[]},&quot;gap&quot;:{&quot;unit&quot;:&quot;px&quot;,&quot;size&quot;:10,&quot;sizes&quot;:[]},&quot;gap_tablet&quot;:{&quot;unit&quot;:&quot;px&quot;,&quot;size&quot;:10,&quot;sizes&quot;:[]},&quot;gap_mobile&quot;:{&quot;unit&quot;:&quot;px&quot;,&quot;size&quot;:10,&quot;sizes&quot;:[]},&quot;link_to&quot;:&quot;file&quot;,&quot;overlay_background&quot;:&quot;yes&quot;,&quot;content_hover_animation&quot;:&quot;fade-in&quot;}\" data-widget_type=\"gallery.default\">\n\t\t\t\t<div class=\"elementor-widget-container\">\n\t\t\t<style>\/*! elementor-pro - v3.16.0 - 20-09-2023 *\/\n.elementor-gallery__container{min-height:1px}.elementor-gallery-item{position:relative;overflow:hidden;display:block;text-decoration:none;border:solid var(--image-border-width) var(--image-border-color);border-radius:var(--image-border-radius)}.elementor-gallery-item__content,.elementor-gallery-item__overlay{height:100%;width:100%;position:absolute;top:0;left:0}.elementor-gallery-item__overlay{mix-blend-mode:var(--overlay-mix-blend-mode);transition-duration:var(--overlay-transition-duration);transition-property:mix-blend-mode,transform,opacity,background-color}.elementor-gallery-item__image.e-gallery-image{transition-duration:var(--image-transition-duration);transition-property:filter,transform}.elementor-gallery-item__content{display:flex;flex-direction:column;justify-content:var(--content-justify-content,center);align-items:center;text-align:var(--content-text-align);padding:var(--content-padding)}.elementor-gallery-item__content>div{transition-duration:var(--content-transition-duration)}.elementor-gallery-item__content.elementor-gallery--sequenced-animation>div:nth-child(2){transition-delay:calc(var(--content-transition-delay) \/ 3)}.elementor-gallery-item__content.elementor-gallery--sequenced-animation>div:nth-child(3){transition-delay:calc(var(--content-transition-delay) \/ 3 * 2)}.elementor-gallery-item__content.elementor-gallery--sequenced-animation>div:nth-child(4){transition-delay:calc(var(--content-transition-delay) \/ 3 * 3)}.elementor-gallery-item__description{color:var(--description-text-color,#fff);width:100%}.elementor-gallery-item__title{color:var(--title-text-color,#fff);font-weight:700;width:100%}.elementor-gallery__titles-container{display:flex;flex-wrap:wrap;justify-content:var(--titles-container-justify-content,center);margin-bottom:20px}.elementor-gallery__titles-container:not(.e--pointer-framed) .elementor-item:after,.elementor-gallery__titles-container:not(.e--pointer-framed) .elementor-item:before{background-color:var(--galleries-pointer-bg-color-hover)}.elementor-gallery__titles-container:not(.e--pointer-framed) .elementor-item.elementor-item-active:after,.elementor-gallery__titles-container:not(.e--pointer-framed) .elementor-item.elementor-item-active:before{background-color:var(--galleries-pointer-bg-color-active)}.elementor-gallery__titles-container.e--pointer-framed .elementor-item:before{border-color:var(--galleries-pointer-bg-color-hover);border-width:var(--galleries-pointer-border-width)}.elementor-gallery__titles-container.e--pointer-framed .elementor-item:after{border-color:var(--galleries-pointer-bg-color-hover)}.elementor-gallery__titles-container.e--pointer-framed .elementor-item.elementor-item-active:after,.elementor-gallery__titles-container.e--pointer-framed .elementor-item.elementor-item-active:before{border-color:var(--galleries-pointer-bg-color-active)}.elementor-gallery__titles-container.e--pointer-framed.e--animation-draw .elementor-item:before{border-left-width:var(--galleries-pointer-border-width);border-bottom-width:var(--galleries-pointer-border-width);border-right-width:0;border-top-width:0}.elementor-gallery__titles-container.e--pointer-framed.e--animation-draw .elementor-item:after{border-left-width:0;border-bottom-width:0;border-right-width:var(--galleries-pointer-border-width);border-top-width:var(--galleries-pointer-border-width)}.elementor-gallery__titles-container.e--pointer-framed.e--animation-corners .elementor-item:before{border-left-width:var(--galleries-pointer-border-width);border-bottom-width:0;border-right-width:0;border-top-width:var(--galleries-pointer-border-width)}.elementor-gallery__titles-container.e--pointer-framed.e--animation-corners .elementor-item:after{border-left-width:0;border-bottom-width:var(--galleries-pointer-border-width);border-right-width:var(--galleries-pointer-border-width);border-top-width:0}.elementor-gallery__titles-container .e--pointer-double-line .elementor-item:after,.elementor-gallery__titles-container .e--pointer-double-line .elementor-item:before,.elementor-gallery__titles-container .e--pointer-overline .elementor-item:before,.elementor-gallery__titles-container .e--pointer-underline .elementor-item:after{height:var(--galleries-pointer-border-width)}.elementor-gallery-title{--space-between:10px;cursor:pointer;color:#6d7882;font-weight:500;position:relative;padding:7px 14px;transition:all .3s}.elementor-gallery-title--active{color:#495157}.elementor-gallery-title:not(:last-child){margin-right:var(--space-between)}.elementor-gallery-item__title+.elementor-gallery-item__description{margin-top:var(--description-margin-top)}.e-gallery-item.elementor-gallery-item{transition-property:all}.e-gallery-item.elementor-animated-content .elementor-animated-item--enter-from-bottom,.e-gallery-item.elementor-animated-content .elementor-animated-item--enter-from-left,.e-gallery-item.elementor-animated-content .elementor-animated-item--enter-from-right,.e-gallery-item.elementor-animated-content .elementor-animated-item--enter-from-top,.e-gallery-item:focus .elementor-gallery__item-overlay-bg,.e-gallery-item:focus .elementor-gallery__item-overlay-content,.e-gallery-item:focus .elementor-gallery__item-overlay-content__description,.e-gallery-item:focus .elementor-gallery__item-overlay-content__title,.e-gallery-item:hover .elementor-gallery__item-overlay-bg,.e-gallery-item:hover .elementor-gallery__item-overlay-content,.e-gallery-item:hover .elementor-gallery__item-overlay-content__description,.e-gallery-item:hover .elementor-gallery__item-overlay-content__title{opacity:1}a.elementor-item.elementor-gallery-title{color:var(--galleries-title-color-normal)}a.elementor-item.elementor-gallery-title.elementor-item-active,a.elementor-item.elementor-gallery-title.highlighted,a.elementor-item.elementor-gallery-title:focus,a.elementor-item.elementor-gallery-title:hover{color:var(--galleries-title-color-hover)}a.elementor-item.elementor-gallery-title.elementor-item-active{color:var(--gallery-title-color-active)}.e-con-inner>.elementor-widget-gallery,.e-con>.elementor-widget-gallery{width:var(--container-widget-width);--flex-grow:var(--container-widget-flex-grow)}<\/style>\t\t<div class=\"elementor-gallery__container\">\n\t\t\t\t\t\t\t<a class=\"e-gallery-item elementor-gallery-item elementor-animated-content\" href=\"https:\/\/gennyabbigliamento.it\/wp-content\/uploads\/2023\/11\/Genny-Abbigliamento-12.jpg\" data-elementor-open-lightbox=\"yes\" data-elementor-lightbox-slideshow=\"7654fdc\" data-elementor-lightbox-title=\"Genny Abbigliamento (12)\" data-e-action-hash=\"#elementor-action%3Aaction%3Dlightbox%26settings%3DeyJpZCI6MjEyLCJ1cmwiOiJodHRwczpcL1wvZ2VubnlhYmJpZ2xpYW1lbnRvLml0XC93cC1jb250ZW50XC91cGxvYWRzXC8yMDIzXC8xMVwvR2VubnktQWJiaWdsaWFtZW50by0xMi5qcGciLCJzbGlkZXNob3ciOiI3NjU0ZmRjIn0%3D\">\n\t\t\t\t\t<div class=\"e-gallery-image elementor-gallery-item__image\" data-thumbnail=\"https:\/\/gennyabbigliamento.it\/wp-content\/uploads\/2023\/11\/Genny-Abbigliamento-12-225x300.jpg\" data-width=\"225\" data-height=\"300\" aria-label=\"\" role=\"img\" ><\/div>\n\t\t\t\t\t\t\t\t\t\t\t<div class=\"elementor-gallery-item__overlay\"><\/div>\n\t\t\t\t\t\t\t\t\t\t\t\t\t\t<\/a>\n\t\t\t\t\t\t\t<a class=\"e-gallery-item elementor-gallery-item elementor-animated-content\" href=\"https:\/\/gennyabbigliamento.it\/wp-content\/uploads\/2023\/11\/Genny-Abbigliamento-10.jpg\" data-elementor-open-lightbox=\"yes\" data-elementor-lightbox-slideshow=\"7654fdc\" data-elementor-lightbox-title=\"Genny Abbigliamento (10)\" data-e-action-hash=\"#elementor-action%3Aaction%3Dlightbox%26settings%3DeyJpZCI6MjEwLCJ1cmwiOiJodHRwczpcL1wvZ2VubnlhYmJpZ2xpYW1lbnRvLml0XC93cC1jb250ZW50XC91cGxvYWRzXC8yMDIzXC8xMVwvR2VubnktQWJiaWdsaWFtZW50by0xMC5qcGciLCJzbGlkZXNob3ciOiI3NjU0ZmRjIn0%3D\">\n\t\t\t\t\t<div class=\"e-gallery-image elementor-gallery-item__image\" data-thumbnail=\"https:\/\/gennyabbigliamento.it\/wp-content\/uploads\/2023\/11\/Genny-Abbigliamento-10-169x300.jpg\" data-width=\"169\" data-height=\"300\" aria-label=\"\" role=\"img\" ><\/div>\n\t\t\t\t\t\t\t\t\t\t\t<div class=\"elementor-gallery-item__overlay\"><\/div>\n\t\t\t\t\t\t\t\t\t\t\t\t\t\t<\/a>\n\t\t\t\t\t\t\t<a class=\"e-gallery-item elementor-gallery-item elementor-animated-content\" href=\"https:\/\/gennyabbigliamento.it\/wp-content\/uploads\/2023\/11\/Genny-Abbigliamento-16.jpg\" data-elementor-open-lightbox=\"yes\" data-elementor-lightbox-slideshow=\"7654fdc\" data-elementor-lightbox-title=\"Genny Abbigliamento (16)\" data-e-action-hash=\"#elementor-action%3Aaction%3Dlightbox%26settings%3DeyJpZCI6MjE2LCJ1cmwiOiJodHRwczpcL1wvZ2VubnlhYmJpZ2xpYW1lbnRvLml0XC93cC1jb250ZW50XC91cGxvYWRzXC8yMDIzXC8xMVwvR2VubnktQWJiaWdsaWFtZW50by0xNi5qcGciLCJzbGlkZXNob3ciOiI3NjU0ZmRjIn0%3D\">\n\t\t\t\t\t<div class=\"e-gallery-image elementor-gallery-item__image\" data-thumbnail=\"https:\/\/gennyabbigliamento.it\/wp-content\/uploads\/2023\/11\/Genny-Abbigliamento-16-169x300.jpg\" data-width=\"169\" data-height=\"300\" aria-label=\"\" role=\"img\" ><\/div>\n\t\t\t\t\t\t\t\t\t\t\t<div class=\"elementor-gallery-item__overlay\"><\/div>\n\t\t\t\t\t\t\t\t\t\t\t\t\t\t<\/a>\n\t\t\t\t\t\t\t<a class=\"e-gallery-item elementor-gallery-item elementor-animated-content\" href=\"https:\/\/gennyabbigliamento.it\/wp-content\/uploads\/2023\/11\/Genny-Abbigliamento-14.jpg\" data-elementor-open-lightbox=\"yes\" data-elementor-lightbox-slideshow=\"7654fdc\" data-elementor-lightbox-title=\"Genny Abbigliamento (14)\" data-e-action-hash=\"#elementor-action%3Aaction%3Dlightbox%26settings%3DeyJpZCI6MjE0LCJ1cmwiOiJodHRwczpcL1wvZ2VubnlhYmJpZ2xpYW1lbnRvLml0XC93cC1jb250ZW50XC91cGxvYWRzXC8yMDIzXC8xMVwvR2VubnktQWJiaWdsaWFtZW50by0xNC5qcGciLCJzbGlkZXNob3ciOiI3NjU0ZmRjIn0%3D\">\n\t\t\t\t\t<div class=\"e-gallery-image elementor-gallery-item__image\" data-thumbnail=\"https:\/\/gennyabbigliamento.it\/wp-content\/uploads\/2023\/11\/Genny-Abbigliamento-14-169x300.jpg\" data-width=\"169\" data-height=\"300\" aria-label=\"\" role=\"img\" ><\/div>\n\t\t\t\t\t\t\t\t\t\t\t<div class=\"elementor-gallery-item__overlay\"><\/div>\n\t\t\t\t\t\t\t\t\t\t\t\t\t\t<\/a>\n\t\t\t\t\t\t\t<a class=\"e-gallery-item elementor-gallery-item elementor-animated-content\" href=\"https:\/\/gennyabbigliamento.it\/wp-content\/uploads\/2023\/11\/Genny-Abbigliamento-7.jpg\" data-elementor-open-lightbox=\"yes\" data-elementor-lightbox-slideshow=\"7654fdc\" data-elementor-lightbox-title=\"Genny Abbigliamento (7)\" data-e-action-hash=\"#elementor-action%3Aaction%3Dlightbox%26settings%3DeyJpZCI6MjA3LCJ1cmwiOiJodHRwczpcL1wvZ2VubnlhYmJpZ2xpYW1lbnRvLml0XC93cC1jb250ZW50XC91cGxvYWRzXC8yMDIzXC8xMVwvR2VubnktQWJiaWdsaWFtZW50by03LmpwZyIsInNsaWRlc2hvdyI6Ijc2NTRmZGMifQ%3D%3D\">\n\t\t\t\t\t<div class=\"e-gallery-image elementor-gallery-item__image\" data-thumbnail=\"https:\/\/gennyabbigliamento.it\/wp-content\/uploads\/2023\/11\/Genny-Abbigliamento-7-169x300.jpg\" data-width=\"169\" data-height=\"300\" aria-label=\"\" role=\"img\" ><\/div>\n\t\t\t\t\t\t\t\t\t\t\t<div class=\"elementor-gallery-item__overlay\"><\/div>\n\t\t\t\t\t\t\t\t\t\t\t\t\t\t<\/a>\n\t\t\t\t\t\t\t<a class=\"e-gallery-item elementor-gallery-item elementor-animated-content\" href=\"https:\/\/gennyabbigliamento.it\/wp-content\/uploads\/2023\/11\/Genny-Abbigliamento-18.jpg\" data-elementor-open-lightbox=\"yes\" data-elementor-lightbox-slideshow=\"7654fdc\" data-elementor-lightbox-title=\"Genny Abbigliamento (18)\" data-e-action-hash=\"#elementor-action%3Aaction%3Dlightbox%26settings%3DeyJpZCI6MjE4LCJ1cmwiOiJodHRwczpcL1wvZ2VubnlhYmJpZ2xpYW1lbnRvLml0XC93cC1jb250ZW50XC91cGxvYWRzXC8yMDIzXC8xMVwvR2VubnktQWJiaWdsaWFtZW50by0xOC5qcGciLCJzbGlkZXNob3ciOiI3NjU0ZmRjIn0%3D\">\n\t\t\t\t\t<div class=\"e-gallery-image elementor-gallery-item__image\" data-thumbnail=\"https:\/\/gennyabbigliamento.it\/wp-content\/uploads\/2023\/11\/Genny-Abbigliamento-18-225x300.jpg\" data-width=\"225\" data-height=\"300\" aria-label=\"\" role=\"img\" ><\/div>\n\t\t\t\t\t\t\t\t\t\t\t<div class=\"elementor-gallery-item__overlay\"><\/div>\n\t\t\t\t\t\t\t\t\t\t\t\t\t\t<\/a>\n\t\t\t\t\t\t\t<a class=\"e-gallery-item elementor-gallery-item elementor-animated-content\" href=\"https:\/\/gennyabbigliamento.it\/wp-content\/uploads\/2023\/11\/Genny-Abbigliamento-28.jpg\" data-elementor-open-lightbox=\"yes\" data-elementor-lightbox-slideshow=\"7654fdc\" data-elementor-lightbox-title=\"Genny Abbigliamento (28)\" data-e-action-hash=\"#elementor-action%3Aaction%3Dlightbox%26settings%3DeyJpZCI6MjI4LCJ1cmwiOiJodHRwczpcL1wvZ2VubnlhYmJpZ2xpYW1lbnRvLml0XC93cC1jb250ZW50XC91cGxvYWRzXC8yMDIzXC8xMVwvR2VubnktQWJiaWdsaWFtZW50by0yOC5qcGciLCJzbGlkZXNob3ciOiI3NjU0ZmRjIn0%3D\">\n\t\t\t\t\t<div class=\"e-gallery-image elementor-gallery-item__image\" data-thumbnail=\"https:\/\/gennyabbigliamento.it\/wp-content\/uploads\/2023\/11\/Genny-Abbigliamento-28-266x300.jpg\" data-width=\"266\" data-height=\"300\" aria-label=\"\" role=\"img\" ><\/div>\n\t\t\t\t\t\t\t\t\t\t\t<div class=\"elementor-gallery-item__overlay\"><\/div>\n\t\t\t\t\t\t\t\t\t\t\t\t\t\t<\/a>\n\t\t\t\t\t\t\t<a class=\"e-gallery-item elementor-gallery-item elementor-animated-content\" href=\"https:\/\/gennyabbigliamento.it\/wp-content\/uploads\/2023\/11\/Genny-Abbigliamento-33-1.jpg\" data-elementor-open-lightbox=\"yes\" data-elementor-lightbox-slideshow=\"7654fdc\" data-elementor-lightbox-title=\"Genny Abbigliamento (33)\" data-e-action-hash=\"#elementor-action%3Aaction%3Dlightbox%26settings%3DeyJpZCI6MjMzLCJ1cmwiOiJodHRwczpcL1wvZ2VubnlhYmJpZ2xpYW1lbnRvLml0XC93cC1jb250ZW50XC91cGxvYWRzXC8yMDIzXC8xMVwvR2VubnktQWJiaWdsaWFtZW50by0zMy0xLmpwZyIsInNsaWRlc2hvdyI6Ijc2NTRmZGMifQ%3D%3D\">\n\t\t\t\t\t<div class=\"e-gallery-image elementor-gallery-item__image\" data-thumbnail=\"https:\/\/gennyabbigliamento.it\/wp-content\/uploads\/2023\/11\/Genny-Abbigliamento-33-1-300x169.jpg\" data-width=\"300\" data-height=\"169\" aria-label=\"\" role=\"img\" ><\/div>\n\t\t\t\t\t\t\t\t\t\t\t<div class=\"elementor-gallery-item__overlay\"><\/div>\n\t\t\t\t\t\t\t\t\t\t\t\t\t\t<\/a>\n\t\t\t\t\t\t\t<a class=\"e-gallery-item elementor-gallery-item elementor-animated-content\" href=\"https:\/\/gennyabbigliamento.it\/wp-content\/uploads\/2023\/11\/Genny-Abbigliamento-42-1.jpg\" data-elementor-open-lightbox=\"yes\" data-elementor-lightbox-slideshow=\"7654fdc\" data-elementor-lightbox-title=\"Genny Abbigliamento (42)\" data-e-action-hash=\"#elementor-action%3Aaction%3Dlightbox%26settings%3DeyJpZCI6MjQyLCJ1cmwiOiJodHRwczpcL1wvZ2VubnlhYmJpZ2xpYW1lbnRvLml0XC93cC1jb250ZW50XC91cGxvYWRzXC8yMDIzXC8xMVwvR2VubnktQWJiaWdsaWFtZW50by00Mi0xLmpwZyIsInNsaWRlc2hvdyI6Ijc2NTRmZGMifQ%3D%3D\">\n\t\t\t\t\t<div class=\"e-gallery-image elementor-gallery-item__image\" data-thumbnail=\"https:\/\/gennyabbigliamento.it\/wp-content\/uploads\/2023\/11\/Genny-Abbigliamento-42-1-300x169.jpg\" data-width=\"300\" data-height=\"169\" aria-label=\"\" role=\"img\" ><\/div>\n\t\t\t\t\t\t\t\t\t\t\t<div class=\"elementor-gallery-item__overlay\"><\/div>\n\t\t\t\t\t\t\t\t\t\t\t\t\t\t<\/a>\n\t\t\t\t\t\t\t<a class=\"e-gallery-item elementor-gallery-item elementor-animated-content\" href=\"https:\/\/gennyabbigliamento.it\/wp-content\/uploads\/2023\/11\/Genny-Abbigliamento-45.jpg\" data-elementor-open-lightbox=\"yes\" data-elementor-lightbox-slideshow=\"7654fdc\" data-elementor-lightbox-title=\"Genny Abbigliamento (45)\" data-e-action-hash=\"#elementor-action%3Aaction%3Dlightbox%26settings%3DeyJpZCI6MjQ1LCJ1cmwiOiJodHRwczpcL1wvZ2VubnlhYmJpZ2xpYW1lbnRvLml0XC93cC1jb250ZW50XC91cGxvYWRzXC8yMDIzXC8xMVwvR2VubnktQWJiaWdsaWFtZW50by00NS5qcGciLCJzbGlkZXNob3ciOiI3NjU0ZmRjIn0%3D\">\n\t\t\t\t\t<div class=\"e-gallery-image elementor-gallery-item__image\" data-thumbnail=\"https:\/\/gennyabbigliamento.it\/wp-content\/uploads\/2023\/11\/Genny-Abbigliamento-45-300x169.jpg\" data-width=\"300\" data-height=\"169\" aria-label=\"\" role=\"img\" ><\/div>\n\t\t\t\t\t\t\t\t\t\t\t<div class=\"elementor-gallery-item__overlay\"><\/div>\n\t\t\t\t\t\t\t\t\t\t\t\t\t\t<\/a>\n\t\t\t\t\t\t\t<a class=\"e-gallery-item elementor-gallery-item elementor-animated-content\" href=\"https:\/\/gennyabbigliamento.it\/wp-content\/uploads\/2023\/11\/Genny-Abbigliamento-3.jpg\" data-elementor-open-lightbox=\"yes\" data-elementor-lightbox-slideshow=\"7654fdc\" data-elementor-lightbox-title=\"Genny Abbigliamento (3)\" data-e-action-hash=\"#elementor-action%3Aaction%3Dlightbox%26settings%3DeyJpZCI6MTkwLCJ1cmwiOiJodHRwczpcL1wvZ2VubnlhYmJpZ2xpYW1lbnRvLml0XC93cC1jb250ZW50XC91cGxvYWRzXC8yMDIzXC8xMVwvR2VubnktQWJiaWdsaWFtZW50by0zLmpwZyIsInNsaWRlc2hvdyI6Ijc2NTRmZGMifQ%3D%3D\">\n\t\t\t\t\t<div class=\"e-gallery-image elementor-gallery-item__image\" data-thumbnail=\"https:\/\/gennyabbigliamento.it\/wp-content\/uploads\/2023\/11\/Genny-Abbigliamento-3-300x169.jpg\" data-width=\"300\" data-height=\"169\" aria-label=\"\" role=\"img\" ><\/div>\n\t\t\t\t\t\t\t\t\t\t\t<div class=\"elementor-gallery-item__overlay\"><\/div>\n\t\t\t\t\t\t\t\t\t\t\t\t\t\t<\/a>\n\t\t\t\t\t<\/div>\n\t\t\t<\/div>\n\t\t\t\t<\/div>\n\t\t\t\t<\/div>\n\t\t\t\t<\/div>\n\t\t<div class=\"elementor-element elementor-element-7efb7dd e-con-full e-flex e-con e-parent\" data-id=\"7efb7dd\" data-element_type=\"container\" data-settings=\"{&quot;content_width&quot;:&quot;full&quot;,&quot;background_background&quot;:&quot;video&quot;,&quot;background_video_link&quot;:&quot;https:\\\/\\\/gennyabbigliamento.it\\\/wp-content\\\/uploads\\\/2023\\\/11\\\/genny_abbigliamento.mp4&quot;,&quot;background_play_on_mobile&quot;:&quot;yes&quot;}\" data-core-v316-plus=\"true\">\n\t\t<div class=\"elementor-background-video-container\">\n\t\t\t\t\t\t\t<video class=\"elementor-background-video-hosted elementor-html5-video\" autoplay muted playsinline loop><\/video>\n\t\t\t\t\t<\/div>\t\t<div class=\"elementor-element elementor-element-2baf7b7 elementor-widget elementor-widget-heading\" data-id=\"2baf7b7\" data-element_type=\"widget\" data-widget_type=\"heading.default\">\n\t\t\t\t<div class=\"elementor-widget-container\">\n\t\t\t<h2 class=\"elementor-heading-title elementor-size-default\">Nell'abbigliamento dei pi\u00f9 piccoli, ogni dettaglio \u00e8 un tocco di gioia e ogni colore racconta una storia di allegria, donando a ogni bambino e ragazzo la magia di esprimere la propria personalit\u00e0 con stile e spensieratezza.<\/h2>\t\t<\/div>\n\t\t\t\t<\/div>\n\t\t\t\t<\/div>\n\t\t\t\t\t\t\t<\/div>\n\t\t","protected":false},"excerpt":{"rendered":"<p>CHI SIAMO L&#8217;azienda GENNY ABBIGLIAMENTO 0\/16 ha preso vita nel 2004, grazie all&#8217;iniziativa di Genny, all&#8217;interno del contesto operativo di Ricamificio Coup\u00e8 srl. Quest&#8217;ultimo \u00e8 da sempre specializzato nel ricamo su abbigliamento e calzature. La nostra visione ha preso forma come un sogno e una grande passione, inizialmente dedicati ai bambini da 0 a 3 [&hellip;]<\/p>\n","protected":false},"author":1,"featured_media":0,"parent":0,"menu_order":0,"comment_status":"closed","ping_status":"closed","template":"elementor_header_footer","meta":{"footnotes":""},"class_list":["post-353","page","type-page","status-publish","hentry"],"_links":{"self":[{"href":"https:\/\/gennyabbigliamento.it\/index.php\/wp-json\/wp\/v2\/pages\/353","targetHints":{"allow":["GET"]}}],"collection":[{"href":"https:\/\/gennyabbigliamento.it\/index.php\/wp-json\/wp\/v2\/pages"}],"about":[{"href":"https:\/\/gennyabbigliamento.it\/index.php\/wp-json\/wp\/v2\/types\/page"}],"author":[{"embeddable":true,"href":"https:\/\/gennyabbigliamento.it\/index.php\/wp-json\/wp\/v2\/users\/1"}],"replies":[{"embeddable":true,"href":"https:\/\/gennyabbigliamento.it\/index.php\/wp-json\/wp\/v2\/comments?post=353"}],"version-history":[{"count":22,"href":"https:\/\/gennyabbigliamento.it\/index.php\/wp-json\/wp\/v2\/pages\/353\/revisions"}],"predecessor-version":[{"id":596,"href":"https:\/\/gennyabbigliamento.it\/index.php\/wp-json\/wp\/v2\/pages\/353\/revisions\/596"}],"wp:attachment":[{"href":"https:\/\/gennyabbigliamento.it\/index.php\/wp-json\/wp\/v2\/media?parent=353"}],"curies":[{"name":"wp","href":"https:\/\/api.w.org\/{rel}","templated":true}]}}